{"id":9,"date":"2017-07-18T03:07:17","date_gmt":"2017-07-18T01:07:17","guid":{"rendered":"http:\/\/sanseaikikai.es\/?page_id=9"},"modified":"2026-01-31T18:20:38","modified_gmt":"2026-01-31T17:20:38","slug":"aikido","status":"publish","type":"page","link":"https:\/\/sanseaikikai.es\/index.php\/aikido\/","title":{"rendered":"Aikido"},"content":{"rendered":"<p><strong>Aikido\u00a0<\/strong>\u201cel camino de la energ\u00eda y la armon\u00eda\u201d es un arte marcial tradicional japon\u00e9s que combina t\u00e9cnicas de control\u00a0<em>(katame waza)<\/em>\u00a0y de proyecci\u00f3n\u00a0<em>(nage waza)<\/em>.<\/p>\n<p><img loading=\"lazy\" decoding=\"async\" class=\"alignleft wp-image-76\" src=\"http:\/\/sanseaikikai.es\/wp-content\/uploads\/2017\/07\/Moriteru.jpg\" alt=\"\" width=\"355\" height=\"466\" srcset=\"https:\/\/sanseaikikai.es\/wp-content\/uploads\/2017\/07\/Moriteru.jpg 489w, https:\/\/sanseaikikai.es\/wp-content\/uploads\/2017\/07\/Moriteru-229x300.jpg 229w\" sizes=\"auto, (max-width: 355px) 100vw, 355px\" \/><\/p>\n<p data-start=\"130\" data-end=\"422\">El Aikido fue desarrollado por el maestro Morihei Ueshiba (1883\u20131969) a partir de la d\u00e9cada de 1920. Conocido como O-Sensei (Gran Maestro), Morihei Ueshiba cre\u00f3 esta disciplina tras una extensa formaci\u00f3n en diversas escuelas tradicionales de artes marciales, tanto con armas como sin ellas.<\/p>\n<p data-start=\"429\" data-end=\"634\">El Aikido se fundamenta en la b\u00fasqueda de la armonizaci\u00f3n y neutralizaci\u00f3n del conflicto, priorizando una resoluci\u00f3n no violenta mediante la educaci\u00f3n y la evoluci\u00f3n personal del practicante.<\/p>\n<p data-start=\"641\" data-end=\"880\">Esta disciplina constituye un sistema integral de desarrollo humano que favorece la coordinaci\u00f3n, el equilibrio y el fortalecimiento conjunto del cuerpo y la mente, promoviendo valores como el respeto, la disciplina y la mejora continua.<\/p>\n<p data-start=\"887\" data-end=\"1095\">El entrenamiento en Aikido tiene como finalidad el desarrollo f\u00edsico y espiritual de la persona, siendo accesible a cualquier practicante con independencia de su edad, condici\u00f3n f\u00edsica o experiencia previa.<\/p>\n<p data-start=\"1102\" data-end=\"1297\">En la actualidad, el Aikido se practica y se ense\u00f1a en todo el mundo conforme a un m\u00e9todo adaptado a hombres, mujeres y ni\u00f1os de todas las edades y niveles de habilidad.<\/p>\n<p><a href=\"http:\/\/www.aikikai.or.jp\/eng\/index.html\" target=\"_blank\" rel=\"noopener noreferrer\"><img loading=\"lazy\" decoding=\"async\" class=\"alignleft wp-image-1479\" src=\"http:\/\/sanseaikikai.es\/wp-content\/uploads\/2020\/03\/logo-Aikikai.jpg\" alt=\"\" width=\"121\" height=\"99\" \/><\/a>La <b>Fundaci\u00f3n Aikikai<\/b> (<span class=\"t_nihongo_kanji\" lang=\"ja\">\u8ca1\u56e3\u6cd5\u4eba\u5408\u6c17\u4f1a<\/span> <span class=\"t_nihongo_romaji\">Zaidan H\u014djin Aikikai<\/span>) es el organismo rector encargado del desarrollo y popularizaci\u00f3n del del Aikido en el mundo, cuya sede se encuentra en Tokio, Jap\u00f3n y fue fundado en el a\u00f1o 1931.<\/p>\n","protected":false},"excerpt":{"rendered":"<p>Aikido\u00a0\u201cel camino de la energ\u00eda y la armon\u00eda\u201d es un arte marcial tradicional japon\u00e9s que combina t\u00e9cnicas de control\u00a0(katame waza)\u00a0y de proyecci\u00f3n\u00a0(nage waza). El Aikido fue desarrollado por el maestro Morihei Ueshiba<a class=\"moretag\" href=\"https:\/\/sanseaikikai.es\/index.php\/aikido\/\">Leer m\u00e1s&#8230;<\/a><\/p>\n","protected":false},"author":1,"featured_media":0,"parent":0,"menu_order":0,"comment_status":"closed","ping_status":"closed","template":"","meta":{"footnotes":""},"class_list":["post-9","page","type-page","status-publish","hentry"],"yoast_head":"<!-- This site is optimized with the Yoast SEO plugin v27.5 - https:\/\/yoast.com\/product\/yoast-seo-wordpress\/ -->\n<title>Aikido - Aikido<\/title>\n<meta name=\"description\" content=\"Aikido\u00a0&quot;el camino de la energ\u00eda y la armon\u00eda&quot; es un arte marcial tradicional japon\u00e9s.\" \/>\n<meta name=\"robots\" content=\"index, follow, max-snippet:-1, max-image-preview:large, max-video-preview:-1\" \/>\n<link rel=\"canonical\" href=\"https:\/\/sanseaikikai.es\/index.php\/aikido\/\" \/>\n<meta property=\"og:locale\" content=\"es_ES\" \/>\n<meta property=\"og:type\" content=\"article\" \/>\n<meta property=\"og:title\" content=\"Aikido - Aikido\" \/>\n<meta property=\"og:description\" content=\"Aikido\u00a0&quot;el camino de la energ\u00eda y la armon\u00eda&quot; es un arte marcial tradicional japon\u00e9s.\" \/>\n<meta property=\"og:url\" content=\"https:\/\/sanseaikikai.es\/index.php\/aikido\/\" \/>\n<meta property=\"og:site_name\" content=\"Aikido\" \/>\n<meta property=\"article:modified_time\" content=\"2026-01-31T17:20:38+00:00\" \/>\n<meta property=\"og:image\" content=\"https:\/\/sanseaikikai.es\/wp-content\/uploads\/2017\/07\/Moriteru.jpg\" \/>\n\t<meta property=\"og:image:width\" content=\"489\" \/>\n\t<meta property=\"og:image:height\" content=\"642\" \/>\n\t<meta property=\"og:image:type\" content=\"image\/jpeg\" \/>\n<meta name=\"twitter:card\" content=\"summary_large_image\" \/>\n<meta name=\"twitter:label1\" content=\"Tiempo de lectura\" \/>\n\t<meta name=\"twitter:data1\" content=\"2 minutos\" \/>\n<script type=\"application\/ld+json\" class=\"yoast-schema-graph\">{\"@context\":\"https:\\\/\\\/schema.org\",\"@graph\":[{\"@type\":\"WebPage\",\"@id\":\"https:\\\/\\\/sanseaikikai.es\\\/index.php\\\/aikido\\\/\",\"url\":\"https:\\\/\\\/sanseaikikai.es\\\/index.php\\\/aikido\\\/\",\"name\":\"Aikido - Aikido\",\"isPartOf\":{\"@id\":\"https:\\\/\\\/sanseaikikai.es\\\/#website\"},\"primaryImageOfPage\":{\"@id\":\"https:\\\/\\\/sanseaikikai.es\\\/index.php\\\/aikido\\\/#primaryimage\"},\"image\":{\"@id\":\"https:\\\/\\\/sanseaikikai.es\\\/index.php\\\/aikido\\\/#primaryimage\"},\"thumbnailUrl\":\"http:\\\/\\\/sanseaikikai.es\\\/wp-content\\\/uploads\\\/2017\\\/07\\\/Moriteru.jpg\",\"datePublished\":\"2017-07-18T01:07:17+00:00\",\"dateModified\":\"2026-01-31T17:20:38+00:00\",\"description\":\"Aikido\u00a0\\\"el camino de la energ\u00eda y la armon\u00eda\\\" es un arte marcial tradicional japon\u00e9s.\",\"breadcrumb\":{\"@id\":\"https:\\\/\\\/sanseaikikai.es\\\/index.php\\\/aikido\\\/#breadcrumb\"},\"inLanguage\":\"es\",\"potentialAction\":[{\"@type\":\"ReadAction\",\"target\":[\"https:\\\/\\\/sanseaikikai.es\\\/index.php\\\/aikido\\\/\"]}]},{\"@type\":\"ImageObject\",\"inLanguage\":\"es\",\"@id\":\"https:\\\/\\\/sanseaikikai.es\\\/index.php\\\/aikido\\\/#primaryimage\",\"url\":\"https:\\\/\\\/sanseaikikai.es\\\/wp-content\\\/uploads\\\/2017\\\/07\\\/Moriteru.jpg\",\"contentUrl\":\"https:\\\/\\\/sanseaikikai.es\\\/wp-content\\\/uploads\\\/2017\\\/07\\\/Moriteru.jpg\",\"width\":489,\"height\":642},{\"@type\":\"BreadcrumbList\",\"@id\":\"https:\\\/\\\/sanseaikikai.es\\\/index.php\\\/aikido\\\/#breadcrumb\",\"itemListElement\":[{\"@type\":\"ListItem\",\"position\":1,\"name\":\"Portada\",\"item\":\"https:\\\/\\\/sanseaikikai.es\\\/\"},{\"@type\":\"ListItem\",\"position\":2,\"name\":\"Aikido\"}]},{\"@type\":\"WebSite\",\"@id\":\"https:\\\/\\\/sanseaikikai.es\\\/#website\",\"url\":\"https:\\\/\\\/sanseaikikai.es\\\/\",\"name\":\"Aikido\",\"description\":\"ACSA Aikikai\",\"potentialAction\":[{\"@type\":\"SearchAction\",\"target\":{\"@type\":\"EntryPoint\",\"urlTemplate\":\"https:\\\/\\\/sanseaikikai.es\\\/?s={search_term_string}\"},\"query-input\":{\"@type\":\"PropertyValueSpecification\",\"valueRequired\":true,\"valueName\":\"search_term_string\"}}],\"inLanguage\":\"es\"}]}<\/script>\n<!-- \/ Yoast SEO plugin. -->","yoast_head_json":{"title":"Aikido - Aikido","description":"Aikido\u00a0\"el camino de la energ\u00eda y la armon\u00eda\" es un arte marcial tradicional japon\u00e9s.","robots":{"index":"index","follow":"follow","max-snippet":"max-snippet:-1","max-image-preview":"max-image-preview:large","max-video-preview":"max-video-preview:-1"},"canonical":"https:\/\/sanseaikikai.es\/index.php\/aikido\/","og_locale":"es_ES","og_type":"article","og_title":"Aikido - Aikido","og_description":"Aikido\u00a0\"el camino de la energ\u00eda y la armon\u00eda\" es un arte marcial tradicional japon\u00e9s.","og_url":"https:\/\/sanseaikikai.es\/index.php\/aikido\/","og_site_name":"Aikido","article_modified_time":"2026-01-31T17:20:38+00:00","og_image":[{"width":489,"height":642,"url":"https:\/\/sanseaikikai.es\/wp-content\/uploads\/2017\/07\/Moriteru.jpg","type":"image\/jpeg"}],"twitter_card":"summary_large_image","twitter_misc":{"Tiempo de lectura":"2 minutos"},"schema":{"@context":"https:\/\/schema.org","@graph":[{"@type":"WebPage","@id":"https:\/\/sanseaikikai.es\/index.php\/aikido\/","url":"https:\/\/sanseaikikai.es\/index.php\/aikido\/","name":"Aikido - Aikido","isPartOf":{"@id":"https:\/\/sanseaikikai.es\/#website"},"primaryImageOfPage":{"@id":"https:\/\/sanseaikikai.es\/index.php\/aikido\/#primaryimage"},"image":{"@id":"https:\/\/sanseaikikai.es\/index.php\/aikido\/#primaryimage"},"thumbnailUrl":"http:\/\/sanseaikikai.es\/wp-content\/uploads\/2017\/07\/Moriteru.jpg","datePublished":"2017-07-18T01:07:17+00:00","dateModified":"2026-01-31T17:20:38+00:00","description":"Aikido\u00a0\"el camino de la energ\u00eda y la armon\u00eda\" es un arte marcial tradicional japon\u00e9s.","breadcrumb":{"@id":"https:\/\/sanseaikikai.es\/index.php\/aikido\/#breadcrumb"},"inLanguage":"es","potentialAction":[{"@type":"ReadAction","target":["https:\/\/sanseaikikai.es\/index.php\/aikido\/"]}]},{"@type":"ImageObject","inLanguage":"es","@id":"https:\/\/sanseaikikai.es\/index.php\/aikido\/#primaryimage","url":"https:\/\/sanseaikikai.es\/wp-content\/uploads\/2017\/07\/Moriteru.jpg","contentUrl":"https:\/\/sanseaikikai.es\/wp-content\/uploads\/2017\/07\/Moriteru.jpg","width":489,"height":642},{"@type":"BreadcrumbList","@id":"https:\/\/sanseaikikai.es\/index.php\/aikido\/#breadcrumb","itemListElement":[{"@type":"ListItem","position":1,"name":"Portada","item":"https:\/\/sanseaikikai.es\/"},{"@type":"ListItem","position":2,"name":"Aikido"}]},{"@type":"WebSite","@id":"https:\/\/sanseaikikai.es\/#website","url":"https:\/\/sanseaikikai.es\/","name":"Aikido","description":"ACSA Aikikai","potentialAction":[{"@type":"SearchAction","target":{"@type":"EntryPoint","urlTemplate":"https:\/\/sanseaikikai.es\/?s={search_term_string}"},"query-input":{"@type":"PropertyValueSpecification","valueRequired":true,"valueName":"search_term_string"}}],"inLanguage":"es"}]}},"_links":{"self":[{"href":"https:\/\/sanseaikikai.es\/index.php\/wp-json\/wp\/v2\/pages\/9","targetHints":{"allow":["GET"]}}],"collection":[{"href":"https:\/\/sanseaikikai.es\/index.php\/wp-json\/wp\/v2\/pages"}],"about":[{"href":"https:\/\/sanseaikikai.es\/index.php\/wp-json\/wp\/v2\/types\/page"}],"author":[{"embeddable":true,"href":"https:\/\/sanseaikikai.es\/index.php\/wp-json\/wp\/v2\/users\/1"}],"replies":[{"embeddable":true,"href":"https:\/\/sanseaikikai.es\/index.php\/wp-json\/wp\/v2\/comments?post=9"}],"version-history":[{"count":10,"href":"https:\/\/sanseaikikai.es\/index.php\/wp-json\/wp\/v2\/pages\/9\/revisions"}],"predecessor-version":[{"id":3046,"href":"https:\/\/sanseaikikai.es\/index.php\/wp-json\/wp\/v2\/pages\/9\/revisions\/3046"}],"wp:attachment":[{"href":"https:\/\/sanseaikikai.es\/index.php\/wp-json\/wp\/v2\/media?parent=9"}],"curies":[{"name":"wp","href":"https:\/\/api.w.org\/{rel}","templated":true}]}}