{"id":2395,"date":"2023-03-27T12:25:35","date_gmt":"2023-03-27T10:25:35","guid":{"rendered":"https:\/\/sanseaikikai.es\/?page_id=2395"},"modified":"2026-02-26T19:17:58","modified_gmt":"2026-02-26T18:17:58","slug":"aikido-arbucies","status":"publish","type":"page","link":"https:\/\/sanseaikikai.es\/index.php\/aikido-arbucies\/","title":{"rendered":"Aikido Arb\u00facies, Girona"},"content":{"rendered":"\n<p class=\"has-medium-font-size\"><strong>Aikido Arb\u00facies<\/strong> <\/p>\n\n\n\n<p><strong>Polideportivo Municipal de Arb\u00facies<\/strong><br>Calle Prat de Can delf\u00ed, s\/n Arb\u00facies, Girona.<br>Tel: 658909197<br>Web:&nbsp;<a href=\"https:\/\/www.facebook.com\/ArbuciesAikido\" target=\"_blank\" rel=\"noreferrer noopener\">Aikido Arb\u00facies<\/a><\/p>\n\n\n\n<p><strong>Instructor:<\/strong><br>Pep Ribera Sensei 4\u00ba Dan Aikikai<\/p>\n","protected":false},"excerpt":{"rendered":"<p>Aikido Arb\u00facies Polideportivo Municipal de Arb\u00faciesCalle Prat de Can delf\u00ed, s\/n Arb\u00facies, Girona.Tel: 658909197Web:&nbsp;Aikido Arb\u00facies Instructor:Pep Ribera Sensei 4\u00ba Dan Aikikai<\/p>\n","protected":false},"author":1,"featured_media":0,"parent":0,"menu_order":0,"comment_status":"closed","ping_status":"closed","template":"","meta":{"footnotes":""},"class_list":["post-2395","page","type-page","status-publish","hentry"],"yoast_head":"<!-- This site is optimized with the Yoast SEO plugin v27.5 - https:\/\/yoast.com\/product\/yoast-seo-wordpress\/ -->\n<title>Aikido Arb\u00facies, Girona - Aikido<\/title>\n<meta name=\"description\" content=\"Dojo de Aikido en Arb\u00facies, Girona.\" \/>\n<meta name=\"robots\" content=\"index, follow, max-snippet:-1, max-image-preview:large, max-video-preview:-1\" \/>\n<link rel=\"canonical\" href=\"https:\/\/sanseaikikai.es\/index.php\/aikido-arbucies\/\" \/>\n<meta property=\"og:locale\" content=\"es_ES\" \/>\n<meta property=\"og:type\" content=\"article\" \/>\n<meta property=\"og:title\" content=\"Aikido Arb\u00facies, Girona - Aikido\" \/>\n<meta property=\"og:description\" content=\"Dojo de Aikido en Arb\u00facies, Girona.\" \/>\n<meta property=\"og:url\" content=\"https:\/\/sanseaikikai.es\/index.php\/aikido-arbucies\/\" \/>\n<meta property=\"og:site_name\" content=\"Aikido\" \/>\n<meta property=\"article:modified_time\" content=\"2026-02-26T18:17:58+00:00\" \/>\n<meta name=\"twitter:card\" content=\"summary_large_image\" \/>\n<meta name=\"twitter:label1\" content=\"Tiempo de lectura\" \/>\n\t<meta name=\"twitter:data1\" content=\"1 minuto\" \/>\n<script type=\"application\/ld+json\" class=\"yoast-schema-graph\">{\"@context\":\"https:\\\/\\\/schema.org\",\"@graph\":[{\"@type\":\"WebPage\",\"@id\":\"https:\\\/\\\/sanseaikikai.es\\\/index.php\\\/aikido-arbucies\\\/\",\"url\":\"https:\\\/\\\/sanseaikikai.es\\\/index.php\\\/aikido-arbucies\\\/\",\"name\":\"Aikido Arb\u00facies, Girona - Aikido\",\"isPartOf\":{\"@id\":\"https:\\\/\\\/sanseaikikai.es\\\/#website\"},\"datePublished\":\"2023-03-27T10:25:35+00:00\",\"dateModified\":\"2026-02-26T18:17:58+00:00\",\"description\":\"Dojo de Aikido en Arb\u00facies, Girona.\",\"breadcrumb\":{\"@id\":\"https:\\\/\\\/sanseaikikai.es\\\/index.php\\\/aikido-arbucies\\\/#breadcrumb\"},\"inLanguage\":\"es\",\"potentialAction\":[{\"@type\":\"ReadAction\",\"target\":[\"https:\\\/\\\/sanseaikikai.es\\\/index.php\\\/aikido-arbucies\\\/\"]}]},{\"@type\":\"BreadcrumbList\",\"@id\":\"https:\\\/\\\/sanseaikikai.es\\\/index.php\\\/aikido-arbucies\\\/#breadcrumb\",\"itemListElement\":[{\"@type\":\"ListItem\",\"position\":1,\"name\":\"Portada\",\"item\":\"https:\\\/\\\/sanseaikikai.es\\\/\"},{\"@type\":\"ListItem\",\"position\":2,\"name\":\"Aikido Arb\u00facies, Girona\"}]},{\"@type\":\"WebSite\",\"@id\":\"https:\\\/\\\/sanseaikikai.es\\\/#website\",\"url\":\"https:\\\/\\\/sanseaikikai.es\\\/\",\"name\":\"Aikido\",\"description\":\"ACSA Aikikai\",\"potentialAction\":[{\"@type\":\"SearchAction\",\"target\":{\"@type\":\"EntryPoint\",\"urlTemplate\":\"https:\\\/\\\/sanseaikikai.es\\\/?s={search_term_string}\"},\"query-input\":{\"@type\":\"PropertyValueSpecification\",\"valueRequired\":true,\"valueName\":\"search_term_string\"}}],\"inLanguage\":\"es\"}]}<\/script>\n<!-- \/ Yoast SEO plugin. -->","yoast_head_json":{"title":"Aikido Arb\u00facies, Girona - Aikido","description":"Dojo de Aikido en Arb\u00facies, Girona.","robots":{"index":"index","follow":"follow","max-snippet":"max-snippet:-1","max-image-preview":"max-image-preview:large","max-video-preview":"max-video-preview:-1"},"canonical":"https:\/\/sanseaikikai.es\/index.php\/aikido-arbucies\/","og_locale":"es_ES","og_type":"article","og_title":"Aikido Arb\u00facies, Girona - Aikido","og_description":"Dojo de Aikido en Arb\u00facies, Girona.","og_url":"https:\/\/sanseaikikai.es\/index.php\/aikido-arbucies\/","og_site_name":"Aikido","article_modified_time":"2026-02-26T18:17:58+00:00","twitter_card":"summary_large_image","twitter_misc":{"Tiempo de lectura":"1 minuto"},"schema":{"@context":"https:\/\/schema.org","@graph":[{"@type":"WebPage","@id":"https:\/\/sanseaikikai.es\/index.php\/aikido-arbucies\/","url":"https:\/\/sanseaikikai.es\/index.php\/aikido-arbucies\/","name":"Aikido Arb\u00facies, Girona - Aikido","isPartOf":{"@id":"https:\/\/sanseaikikai.es\/#website"},"datePublished":"2023-03-27T10:25:35+00:00","dateModified":"2026-02-26T18:17:58+00:00","description":"Dojo de Aikido en Arb\u00facies, Girona.","breadcrumb":{"@id":"https:\/\/sanseaikikai.es\/index.php\/aikido-arbucies\/#breadcrumb"},"inLanguage":"es","potentialAction":[{"@type":"ReadAction","target":["https:\/\/sanseaikikai.es\/index.php\/aikido-arbucies\/"]}]},{"@type":"BreadcrumbList","@id":"https:\/\/sanseaikikai.es\/index.php\/aikido-arbucies\/#breadcrumb","itemListElement":[{"@type":"ListItem","position":1,"name":"Portada","item":"https:\/\/sanseaikikai.es\/"},{"@type":"ListItem","position":2,"name":"Aikido Arb\u00facies, Girona"}]},{"@type":"WebSite","@id":"https:\/\/sanseaikikai.es\/#website","url":"https:\/\/sanseaikikai.es\/","name":"Aikido","description":"ACSA Aikikai","potentialAction":[{"@type":"SearchAction","target":{"@type":"EntryPoint","urlTemplate":"https:\/\/sanseaikikai.es\/?s={search_term_string}"},"query-input":{"@type":"PropertyValueSpecification","valueRequired":true,"valueName":"search_term_string"}}],"inLanguage":"es"}]}},"_links":{"self":[{"href":"https:\/\/sanseaikikai.es\/index.php\/wp-json\/wp\/v2\/pages\/2395","targetHints":{"allow":["GET"]}}],"collection":[{"href":"https:\/\/sanseaikikai.es\/index.php\/wp-json\/wp\/v2\/pages"}],"about":[{"href":"https:\/\/sanseaikikai.es\/index.php\/wp-json\/wp\/v2\/types\/page"}],"author":[{"embeddable":true,"href":"https:\/\/sanseaikikai.es\/index.php\/wp-json\/wp\/v2\/users\/1"}],"replies":[{"embeddable":true,"href":"https:\/\/sanseaikikai.es\/index.php\/wp-json\/wp\/v2\/comments?post=2395"}],"version-history":[{"count":8,"href":"https:\/\/sanseaikikai.es\/index.php\/wp-json\/wp\/v2\/pages\/2395\/revisions"}],"predecessor-version":[{"id":3131,"href":"https:\/\/sanseaikikai.es\/index.php\/wp-json\/wp\/v2\/pages\/2395\/revisions\/3131"}],"wp:attachment":[{"href":"https:\/\/sanseaikikai.es\/index.php\/wp-json\/wp\/v2\/media?parent=2395"}],"curies":[{"name":"wp","href":"https:\/\/api.w.org\/{rel}","templated":true}]}}